{"id":2643,"date":"2026-04-03T11:29:07","date_gmt":"2026-04-03T09:29:07","guid":{"rendered":"https:\/\/werbellinsee-charter.de\/saunaboot-floatingboot-2\/"},"modified":"2026-04-03T11:29:07","modified_gmt":"2026-04-03T09:29:07","slug":"saunaboot-partyboot-eventboot","status":"publish","type":"page","link":"https:\/\/werbellinsee-charter.de\/en\/saunaboot-partyboot-eventboot\/","title":{"rendered":"Saunaboot, Floatingboot"},"content":{"rendered":"<p>Egal ob als Saunaboot, Saunaflo\u00df oder Floatingboot, dieses Boot bietet dir ein einzigartiges Erlebnis, Saunieren und Entspannung mit einer Bootsfahrt zu kombinieren.<\/p>\n<p>Unser Sauna-Boot bietet den G\u00e4sten die M\u00f6glichkeit, sich zu entspannen und<br \/>\nzu chillen, w\u00e4hrend sie die Sch\u00f6nheit der Natur genie\u00dfen k\u00f6nnen. Es bietet aber auch eine tolle M\u00f6glichkeit f\u00fcr eine unterhaltsame Runde mit Freunden in einzigartiger Atmosph\u00e4re auf dem Wasser mit bis zu 12 G\u00e4sten. Unsere G\u00e4ste k\u00f6nnen das Panorama der Wasserlandschaft genie\u00dfen und m\u00fcssen auf nichts verzichten. Das Boot bietet 220V Bordstrom wie zuhause, separate Heizung im Loungeraum auch f\u00fcr eiskalte Tage.<\/p>\n<p>Obwohl es sich um ein eher ungew\u00f6hnliche Bootsvermietung handelt, wird es immer<br \/>\n beliebter und ist eine gro\u00dfartige M\u00f6glichkeit, um vom stressigen Alltag<br \/>\n abzuschalten.<\/p>\n<p>Egal, ob f\u00fcr eine Hochzeitsnacht, einen Geburtstag oder einfach nur zum Spa\u00df,<br \/>\nein Floatingboot bzw. Saunaboot ist definitiv eine hervorragende Wahl f\u00fcr eine gelungene \u00dcberraschung.<\/p>\n<p>Ausstattung:&nbsp;f\u00fchrerscheinfrei<br \/>Saunaboot, Saunaflo\u00df, Partyboot, Eventboot<br \/>Gro\u00dfe Terrasse<br \/>Heizung<br \/>220 W PV Anlage&nbsp;<\/p>\n<p>seating and lying area<br \/>Couch<br \/>Tisch <br \/>Toilette<br \/>K\u00fcche mit K\u00fchlschrank<br \/>bathing ladder<br \/>Separate Sauna<\/p>\n<p>Wifi unbegrenzt und Teufel Bluetooth Lautsprecher an Bord<\/p>\n<section>\n<div class=\"container-fluid\">\n<div class=\"row\">\n<div class=\"col-12 mb-3\">\n<div class=\"row mt-5 mb-5 justify-content-md-center\">\n<div class=\"col-12 col-md-8 text-center\">\n<div class=\"card text-center shadow-lg  p-3 mb-5 rounded\">\n<div class=\"card-header alert-warning\">\n<h1 class=\"mb-0 pb-2\">Oops!<\/h1>\n<p>\t\t\t\t\t\t\t\t<span class=\"d-block\">Da ist etwas schief gelaufen<\/span>\n\t\t\t\t\t\t\t<\/div>\n<div class=\"card-body\">\n<div class=\"alert-warning-box p-5 mb-3\"><\/div>\n<p>Das von dir gesuchte Boot ist <u>hier<\/u> nicht mehr verf\u00fcgbar. <br \/>Bitte nutze den Link \u00fcber Miet-Boot.de dein Boot zu buchen.<\/p>\n<p><a href=\"https:\/\/miet-boot.de\/floss\/saunaboot-floatingboot.html\" class=\"btn btn-primary btn-lg\" target=\"_blank\" title=\"Miet Boot\" rel=\"noopener\">Floss buchen<\/a>\n\t\t\t\t\t\t\t<\/div>\n<\/p><\/div>\n<\/p><\/div>\n<\/p><\/div>\n<\/p><\/div>\n<\/p><\/div>\n<\/p><\/div>\n<\/section>","protected":false},"excerpt":{"rendered":"<p>Egal ob als Saunaboot, Saunaflo\u00df oder Floatingboot, dieses Boot bietet dir ein einzigartiges Erlebnis, Saunieren und Entspannung mit einer Bootsfahrt zu kombinieren. Unser Sauna-Boot bietet den G\u00e4sten die M\u00f6glichkeit, sich zu entspannen und zu chillen, w\u00e4hrend sie die Sch\u00f6nheit der Natur genie\u00dfen k\u00f6nnen. Es bietet aber auch eine tolle M\u00f6glichkeit f\u00fcr eine unterhaltsame Runde mit &#8230; <a title=\"Saunaboot, Floatingboot\" class=\"read-more\" href=\"https:\/\/werbellinsee-charter.de\/en\/saunaboot-partyboot-eventboot\/\" aria-label=\"Read more about Saunaboot, Floatingboot\">Read more<\/a><\/p>","protected":false},"author":1,"featured_media":0,"parent":0,"menu_order":0,"comment_status":"closed","ping_status":"closed","template":"","meta":{"footnotes":""},"class_list":["post-2643","page","type-page","status-publish"],"_links":{"self":[{"href":"https:\/\/werbellinsee-charter.de\/en\/wp-json\/wp\/v2\/pages\/2643","targetHints":{"allow":["GET"]}}],"collection":[{"href":"https:\/\/werbellinsee-charter.de\/en\/wp-json\/wp\/v2\/pages"}],"about":[{"href":"https:\/\/werbellinsee-charter.de\/en\/wp-json\/wp\/v2\/types\/page"}],"author":[{"embeddable":true,"href":"https:\/\/werbellinsee-charter.de\/en\/wp-json\/wp\/v2\/users\/1"}],"replies":[{"embeddable":true,"href":"https:\/\/werbellinsee-charter.de\/en\/wp-json\/wp\/v2\/comments?post=2643"}],"version-history":[{"count":1,"href":"https:\/\/werbellinsee-charter.de\/en\/wp-json\/wp\/v2\/pages\/2643\/revisions"}],"predecessor-version":[{"id":2657,"href":"https:\/\/werbellinsee-charter.de\/en\/wp-json\/wp\/v2\/pages\/2643\/revisions\/2657"}],"wp:attachment":[{"href":"https:\/\/werbellinsee-charter.de\/en\/wp-json\/wp\/v2\/media?parent=2643"}],"curies":[{"name":"wp","href":"https:\/\/api.w.org\/{rel}","templated":true}]}}