{"id":475,"date":"2022-07-20T21:53:51","date_gmt":"2022-07-20T19:53:51","guid":{"rendered":"https:\/\/jolly-colden.212-83-34-7.plesk.page\/?page_id=475"},"modified":"2023-06-14T11:31:54","modified_gmt":"2023-06-14T09:31:54","slug":"impressum","status":"publish","type":"page","link":"https:\/\/werbellinsee-charter.de\/en\/impressum\/","title":{"rendered":"Imprint"},"content":{"rendered":"<h3 class=\"wp-block-heading\">According to \u00a7 5 TMG:<\/h3>\n\n\n\n<p>Team Wiedenh\u00f6ft UG (haftungsbeschr\u00e4nkt)<br>Dirk Wiedenh\u00f6ft<br>Eberswalder Str. 165<br>16227 Eberswalde<\/p>\n\n\n\n<p>015222148712<br>teamwiedenhoeft@gmail.com<\/p>\n\n\n\n<p>HRB 18563 FF<br>Amtsgericht Frankfurt (Oder)<\/p>\n\n\n\n<p class=\"translation-block\">Design and implementation<br>found.media \u2013 graphic design &amp; websites at a fair price!<br><a href=\"http:\/\/www.found-media.de\" target=\"_blank\" rel=\"noreferrer noopener\">www .found-media.de<\/a><\/p>\n\n\n\n<p class=\"translation-block\">The European Commission provides a platform for online dispute resolution (OS): <a href=\"http:\/\/ec.europa.eu\/consumers\/odr\" target=\"_blank\" rel=\"noopener\">http:\/\/ec .europa.eu\/consumers\/odr<\/a><br>You can find our e-mail address in the imprint above.<br><br>We are not willing or obliged to participate in dispute resolution proceedings before a consumer arbitration board.<\/p>\n\n\n\n<h4 class=\"wp-block-heading\"><strong>Liability for content<\/strong><\/h4>\n\n\n\n<p>As a service provider, we are responsible for our own content on these pages according to Section 7, Paragraph 1 of the German Telemedia Act (TMG). According to \u00a7\u00a7 8 to 10 TMG, however, we as a service provider are not obliged to monitor transmitted or stored third-party information or to investigate circumstances that indicate illegal activity. Obligations to remove or block the use of information according to general laws remain unaffected. However, liability in this regard is only possible from the point in time at which knowledge of a specific infringement of the law is known. As soon as we become aware of any violations of the law, we will remove this content immediately.<\/p>\n\n\n\n<h4 class=\"wp-block-heading\"><strong>Liability for links<\/strong><\/h4>\n\n\n\n<p>Our offer contains links to external third-party websites, the content of which we have no influence on. Therefore we cannot assume any liability for this external content. The respective provider or operator of the pages is always responsible for the content of the linked pages. The linked pages were checked for possible legal violations at the time of linking. Illegal content was not recognizable at the time of linking. However, a permanent control of the content of the linked pages is not reasonable without concrete evidence of an infringement. As soon as we become aware of legal violations, we will remove such links immediately.<\/p>\n\n\n\n<h4 class=\"wp-block-heading\"><strong>copyright<\/strong><\/h4>\n\n\n\n<p>The content and works on these pages created by the site operators are subject to German copyright law. The duplication, editing, distribution and any kind of exploitation outside the limits of copyright require the written consent of the respective author or creator. Downloads and copies of this site are only permitted for private, non-commercial use. Insofar as the content on this site was not created by the operator, the copyrights of third parties are observed. In particular contents of third parties are marked as such. Should you nevertheless become aware of a copyright infringement, we ask that you inform us accordingly. As soon as we become aware of legal violations, we will remove such content immediately.<\/p>\n\n\n\n<p><em>Source reference: <a href=\"http:\/\/www.e-recht24.de\/muster-disclaimer.html\" target=\"_blank\" rel=\"noreferrer noopener\">eRecht24<\/a><\/em><\/p>\n\n\n\n<p><br><\/p>","protected":false},"excerpt":{"rendered":"<p>Angaben gem\u00e4\u00df \u00a7 5 TMG: Team Wiedenh\u00f6ft UG (haftungsbeschr\u00e4nkt)Dirk Wiedenh\u00f6ftEberswalder Str. 16516227 Eberswalde 015222148712teamwiedenhoeft@gmail.com HRB 18563 FFAmtsgericht Frankfurt (Oder) Design und Umsetzungfound.media &#8211; GrafikDesign &amp; Webseiten zum fairen Preis!www.found-media.de Die Europ\u00e4ische Kommission stellt eine Plattform zur Online-Streitbeilegung (OS) bereit: http:\/\/ec.europa.eu\/consumers\/odrUnsere E-Mail-Adresse finden Sie oben im Impressum. Wir sind nicht bereit oder verpflichtet, an Streitbeilegungsverfahren vor &#8230; <a title=\"Imprint\" class=\"read-more\" href=\"https:\/\/werbellinsee-charter.de\/en\/impressum\/\" aria-label=\"Read more about Impressum\">Read more<\/a><\/p>","protected":false},"author":5,"featured_media":0,"parent":0,"menu_order":0,"comment_status":"closed","ping_status":"closed","template":"","meta":{"footnotes":""},"class_list":["post-475","page","type-page","status-publish"],"_links":{"self":[{"href":"https:\/\/werbellinsee-charter.de\/en\/wp-json\/wp\/v2\/pages\/475","targetHints":{"allow":["GET"]}}],"collection":[{"href":"https:\/\/werbellinsee-charter.de\/en\/wp-json\/wp\/v2\/pages"}],"about":[{"href":"https:\/\/werbellinsee-charter.de\/en\/wp-json\/wp\/v2\/types\/page"}],"author":[{"embeddable":true,"href":"https:\/\/werbellinsee-charter.de\/en\/wp-json\/wp\/v2\/users\/5"}],"replies":[{"embeddable":true,"href":"https:\/\/werbellinsee-charter.de\/en\/wp-json\/wp\/v2\/comments?post=475"}],"version-history":[{"count":6,"href":"https:\/\/werbellinsee-charter.de\/en\/wp-json\/wp\/v2\/pages\/475\/revisions"}],"predecessor-version":[{"id":810,"href":"https:\/\/werbellinsee-charter.de\/en\/wp-json\/wp\/v2\/pages\/475\/revisions\/810"}],"wp:attachment":[{"href":"https:\/\/werbellinsee-charter.de\/en\/wp-json\/wp\/v2\/media?parent=475"}],"curies":[{"name":"wp","href":"https:\/\/api.w.org\/{rel}","templated":true}]}}